{"id":987,"date":"2022-07-22T16:56:45","date_gmt":"2022-07-22T16:56:45","guid":{"rendered":"https:\/\/waermeverbund-stniklaus.ch\/?page_id=987"},"modified":"2022-07-23T04:51:19","modified_gmt":"2022-07-23T04:51:19","slug":"datenschutzerklaerung","status":"publish","type":"page","link":"https:\/\/waermeverbund-stniklaus.ch\/?page_id=987","title":{"rendered":"Datenschutzerkl\u00e4rung&#038;Impressum"},"content":{"rendered":"\t\t<div data-elementor-type=\"wp-page\" data-elementor-id=\"987\" class=\"elementor elementor-987\">\n\t\t\t\t\t\t\t\t\t<section class=\"has_ma_el_bg_slider elementor-section elementor-top-section elementor-element elementor-element-45c67549 elementor-section-boxed elementor-section-height-default elementor-section-height-default jltma-glass-effect-no\" data-id=\"45c67549\" data-element_type=\"section\">\n\t\t\t\t\t\t<div class=\"elementor-container elementor-column-gap-default\">\n\t\t\t\t\t<div class=\"has_ma_el_bg_slider elementor-column elementor-col-100 elementor-top-column elementor-element elementor-element-19f10cde jltma-glass-effect-no\" data-id=\"19f10cde\" data-element_type=\"column\">\n\t\t\t<div class=\"elementor-widget-wrap elementor-element-populated\">\n\t\t\t\t\t\t\t\t<div class=\"elementor-element elementor-element-5ef6e2f9 jltma-glass-effect-no elementor-widget elementor-widget-text-editor\" data-id=\"5ef6e2f9\" data-element_type=\"widget\" data-widget_type=\"text-editor.default\">\n\t\t\t\t<div class=\"elementor-widget-container\">\n\t\t\t<style>\/*! elementor - v3.6.7 - 03-07-2022 *\/\n.elementor-widget-text-editor.elementor-drop-cap-view-stacked .elementor-drop-cap{background-color:#818a91;color:#fff}.elementor-widget-text-editor.elementor-drop-cap-view-framed .elementor-drop-cap{color:#818a91;border:3px solid;background-color:transparent}.elementor-widget-text-editor:not(.elementor-drop-cap-view-default) .elementor-drop-cap{margin-top:8px}.elementor-widget-text-editor:not(.elementor-drop-cap-view-default) .elementor-drop-cap-letter{width:1em;height:1em}.elementor-widget-text-editor .elementor-drop-cap{float:left;text-align:center;line-height:1;font-size:50px}.elementor-widget-text-editor .elementor-drop-cap-letter{display:inline-block}<\/style>\t\t\t\t<p><!-- wp:heading --><\/p>\n<p>Der Schutz Ihrer pers\u00f6nlichen Daten ist uns ein besonderes Anliegen. Wir verarbeiten Ihre Daten daher ausschlie\u00dflich auf Grundlage der gesetzlichen Bestimmungen (DSGVO). In diesen Datenschutzinformationen informieren wir Sie \u00fcber die wichtigsten Aspekte der Datenverarbeitung im Rahmen unserer Website.<\/p>\n<p><strong>Kontakt mit uns<\/strong><br \/>Wenn Sie uns \u00fcber das Onlineformular oder per E-Mail kontaktieren, speichern wir die von Ihnen gemachten Angaben, um Ihre Anfrage beantworten und m\u00f6gliche Anschlussfragen stellen zu k\u00f6nnen. Die dadurch von Ihnen bereitgestellten Daten verbleiben bei uns, bis Sie auffordern diese zu l\u00f6schen, Ihre Einwilligung zur Speicherung widerrufen oder der Zweck f\u00fcr die Datenspeicherung nicht mehr gegeben ist (z.B. nach abgeschlossener Bearbeitung Ihrer Anfrage). Zwingende gesetzliche Bestimmungen \u2013 insbesondere Aufbewahrungsfristen \u2013 bleiben unber\u00fchrt.<\/p>\n<p><strong>Server-Log-Files<\/strong><br \/>Der Provider der Seiten erhebt und speichert automatisch Informationen in so genannten Server-Log Files, die Ihr Browser automatisch an uns \u00fcbermittelt. Dies sind: aufgerufene Seite (URL), Browsertyp\/ -version, verwendetes Betriebssystem, Referrer URL (die zuvor besuchte Seite), Hostname \/ IP Adresse des zugreifenden Rechners, Uhrzeit der Serveranfrage. Diese Daten k\u00f6nnen ohne Pr\u00fcfung weiterer Datenquellen keinen bestimmten Personen zugeordnet werden Eine Zusammenf\u00fchrung dieser Daten mit anderen Datenquellen wird nicht vorgenommen. Wir verwenden die Server-Logfiles zum Zweck des Betriebs, der Sicherheit und der Optimierung des online-Angebotes. Wir werten diese Daten auch nicht weiter aus solange keine rechtswidrige Nutzung unserer Webseite vorliegt. Wir behalten uns vor, die Server-Logfiles nachtr\u00e4glich zu pr\u00fcfen, wenn berechtigter Verdacht auf unrechtm\u00e4\u00dfige Aktivit\u00e4ten besteht. Diese Logdateien werden zwei Wochen lang gespeichert.<\/p>\n<p><strong>Cookies<\/strong><br \/>Unsere Website verwendet so genannte Cookies. Dabei handelt es sich um kleine Textdateien, die mit Hilfe des Browsers auf Ihrem Endger\u00e4t abgelegt werden. Sie richten keinen Schaden an. Wir nutzen Cookies dazu, unser Angebot nutzerfreundlich zu gestalten. Einige Cookies bleiben auf Ihrem Endger\u00e4t gespeichert, bis Sie diese l\u00f6schen. Sie erm\u00f6glichen es uns, Ihren Browser beim n\u00e4chsten Besuch wiederzuerkennen. Wenn Sie dies nicht w\u00fcnschen, so k\u00f6nnen Sie Ihren Browser so einrichten, dass er Sie \u00fcber das Setzen von Cookies informiert und Sie dies nur im Einzelfall erlauben. Bei der Deaktivierung von Cookies kann die Funktionalit\u00e4t unserer Website eingeschr\u00e4nkt sein.<\/p>\n<p><strong>Web-Analyse<\/strong><br \/>Unsere Website verwendet Funktionen des Webanalysedienstes Google Analytics (siehe unten). Dazu werden Cookies verwendet, die eine Analyse der Benutzung der Website durch Ihre Benutzer erm\u00f6glicht. Die dadurch erzeugten Informationen werden auf den Server des Anbieters \u00fcbertragen und dort gespeichert. Sie k\u00f6nnen dies verhindern, indem Sie Ihren Browser so einrichten, dass keine Cookies gespeichert werden. Wir haben mit dem Anbieter einen entsprechenden Vertrag zur Auftragsdatenverarbeitung abgeschlossen. Ihre IP-Adresse wird erfasst, aber umgehend (z.B. durch L\u00f6schung der letzten 8 Bit) pseudonymisiert. Dadurch ist nur mehr eine grobe Lokalisierung m\u00f6glich. Die Beziehung zum Webanalyseanbieter basiert auf Standardvertragsklauseln\/einem Angemessenheitsbeschluss der Europ\u00e4ischen Komission (Privacy Shield). Die Datenverarbeitung erfolgt auf Basis der gesetzlichen Bestimmungen. Unser Anliegen im Sinne der DSGVO (berechtigtes Interesse) ist die Verbesserung unseres Angebotes und unseres Webauftritts. Da uns die Privatsph\u00e4re unserer Nutzer wichtig ist, werden die Nutzerdaten pseudonymisiert. Personenbezogene Daten speichern wir gem\u00e4\u00df den Grunds\u00e4tzen der Datenvermeidung und Datensparsamkeit nur so lange, wie es erforderlich ist oder vom Gesetzgeber her vorgeschrieben wird (gesetzliche Speicherfrist). Entf\u00e4llt der Zweck der erhobenen Informationen oder endet die Speicherfrist, sperren oder l\u00f6schen wir die Daten.<\/p>\n<p><strong>Google Analytics<\/strong><br \/>Diese Website verwendet Google Analytics, einen Webanalysedienst von Google Inc. Google Analytics verwendet &#8220;Cookies&#8221;, Textdateien, die auf Ihrem Computer gespeichert werden und die eine Analyse der Nutzung dieser Website erm\u00f6glicht. Diese Informationen betr. Nutzung dieser Website wird an einen Server der Google in den USA \u00fcbertragen und dort gespeichert. Google verwendet diese Informationen, um Ihre Nutzung der Website auszuwerten. Google \u00fcbertr\u00e4gt diese Informationen gegebenenfalls an Dritte, sofern dies gesetzlich vorgeschrieben oder soweit Dritte diese Daten im Auftrag von Google verarbeiten. Google wird in keinem Fall Ihre IP-Adresse (Ihren individuellen Internet Zugang) mit anderen Daten von Google in Verbindung bringen. Sie k\u00f6nnen die Installation der Cookies durch eine entsprechende Einstellung Ihrer Browser Software verhindern; wir weisen Sie jedoch darauf hin, dass Sie in diesem Fall gegebenenfalls nicht s\u00e4mtliche Funktionen dieser Website voll umf\u00e4nglich nutzen k\u00f6nnen. Durch die Nutzung dieser Website erkl\u00e4ren Sie sich mit der Bearbeitung der \u00fcber Sie erhobenen Daten durch Google in der zuvor beschriebenen Art und Weise und zu dem zuvor benannten Zweck einverstanden.<\/p>\n<p><strong>Einbindung von Diensten und Inhalten Dritter<\/strong><br \/>Unsere Website umfasst mitunter Inhalte, Dienste und Leistungen anderer Anbieter. z.B.: Karten von Google-Maps, Videos von YouTube oder Grafiken\/Bilder anderer Webseiten. Damit diese Daten im Browser des Nutzers aufgerufen und dargestellt werden k\u00f6nnen, ist die \u00dcbermittlung der IP-Adresse zwingend notwendig. Die Anbieter (im Folgenden als \u201eDritt-Anbieter\u201c bezeichnet) nehmen also die IP-Adresse des jeweiligen Nutzers wahr. Auch wenn wir bem\u00fcht sind, ausschlie\u00dflich Dritt-Anbieter zu nutzen, welche die IP-Adresse nur ben\u00f6tigen, um Inhalte ausliefern zu k\u00f6nnen, haben wir keinen Einfluss darauf, ob die IP-Adresse m\u00f6glicherweise gespeichert wird. Dieser Vorgang dient in dem Fall unter anderem statistischen Zwecken. Sofern wir Kenntnis davon haben, dass die IP-Adresse gespeichert wird, weisen wir unsere Nutzer darauf hin.<\/p>\n<p><strong>Ihre Rechte<\/strong><br \/>Ihnen stehen grunds\u00e4tzlich die Rechte auf Auskunft, Berichtigung, L\u00f6schung, Einschr\u00e4nkung, Daten\u00fcbertragbarkeit, Widerruf und Widerspruch zu. Wenn Sie glauben, dass die Verarbeitung Ihrer Daten gegen das Datenschutzrecht verst\u00f6\u00dft oder Ihre datenschutzrechtlichen Anspr\u00fcche sonst in einer Weise verletzt worden sind, k\u00f6nnen Sie sich bei der Aufsichtsbeh\u00f6rde beschweren.<\/p>\n<p>\u00a0<\/p>\n<p><strong>Impressum<\/strong><br \/>Genossenschaft W\u00e4rmeverbund St. Niklaus, Koppigen<\/p>\n<p>c\/o Regionales Wohn-und Pflegeheim St. Niklaus<br \/>Bern-Z\u00fcrichstrasse 38<br \/>3425 Koppigen<\/p>\n<p><strong><a>info(@)waermeverbund-stniklaus.ch<\/a><\/strong><\/p>\n<p><!-- \/wp:paragraph --><\/p>\t\t\t\t\t\t<\/div>\n\t\t\t\t<\/div>\n\t\t\t\t\t<\/div>\n\t\t<\/div>\n\t\t\t\t\t\t\t<\/div>\n\t\t<\/section>\n\t\t\t\t<section class=\"has_ma_el_bg_slider elementor-section elementor-top-section elementor-element elementor-element-4ac7a58 elementor-section-boxed elementor-section-height-default elementor-section-height-default jltma-glass-effect-no\" data-id=\"4ac7a58\" data-element_type=\"section\">\n\t\t\t\t\t\t<div class=\"elementor-container elementor-column-gap-default\">\n\t\t\t\t\t<div class=\"has_ma_el_bg_slider elementor-column elementor-col-100 elementor-top-column elementor-element elementor-element-7e2b6a3 jltma-glass-effect-no\" data-id=\"7e2b6a3\" data-element_type=\"column\">\n\t\t\t<div class=\"elementor-widget-wrap\">\n\t\t\t\t\t\t\t\t\t<\/div>\n\t\t<\/div>\n\t\t\t\t\t\t\t<\/div>\n\t\t<\/section>\n\t\t\t\t\t\t\t<\/div>\n\t\t","protected":false},"excerpt":{"rendered":"<p>Der Schutz Ihrer pers\u00f6nlichen Daten ist uns ein besonderes Anliegen. Wir verarbeiten Ihre Daten daher ausschlie\u00dflich auf Grundlage der gesetzlichen Bestimmungen (DSGVO). In diesen Datenschutzinformationen informieren wir Sie \u00fcber die wichtigsten Aspekte der Datenverarbeitung im Rahmen unserer Website. Kontakt mit unsWenn Sie uns \u00fcber das Onlineformular oder per E-Mail kontaktieren, speichern wir die von Ihnen [&hellip;]<\/p>\n","protected":false},"author":15,"featured_media":0,"parent":0,"menu_order":0,"comment_status":"closed","ping_status":"closed","template":"","meta":[],"_links":{"self":[{"href":"https:\/\/waermeverbund-stniklaus.ch\/index.php?rest_route=\/wp\/v2\/pages\/987"}],"collection":[{"href":"https:\/\/waermeverbund-stniklaus.ch\/index.php?rest_route=\/wp\/v2\/pages"}],"about":[{"href":"https:\/\/waermeverbund-stniklaus.ch\/index.php?rest_route=\/wp\/v2\/types\/page"}],"author":[{"embeddable":true,"href":"https:\/\/waermeverbund-stniklaus.ch\/index.php?rest_route=\/wp\/v2\/users\/15"}],"replies":[{"embeddable":true,"href":"https:\/\/waermeverbund-stniklaus.ch\/index.php?rest_route=%2Fwp%2Fv2%2Fcomments&post=987"}],"version-history":[{"count":10,"href":"https:\/\/waermeverbund-stniklaus.ch\/index.php?rest_route=\/wp\/v2\/pages\/987\/revisions"}],"predecessor-version":[{"id":1290,"href":"https:\/\/waermeverbund-stniklaus.ch\/index.php?rest_route=\/wp\/v2\/pages\/987\/revisions\/1290"}],"wp:attachment":[{"href":"https:\/\/waermeverbund-stniklaus.ch\/index.php?rest_route=%2Fwp%2Fv2%2Fmedia&parent=987"}],"curies":[{"name":"wp","href":"https:\/\/api.w.org\/{rel}","templated":true}]}}