{"id":676,"date":"2022-07-22T13:32:43","date_gmt":"2022-07-22T13:32:43","guid":{"rendered":"https:\/\/waermeverbund-stniklaus.ch\/?page_id=676"},"modified":"2024-08-26T08:23:51","modified_gmt":"2024-08-26T08:23:51","slug":"die-genossenschaft","status":"publish","type":"page","link":"https:\/\/waermeverbund-stniklaus.ch\/?page_id=676","title":{"rendered":"2 Die Genossenschaft"},"content":{"rendered":"\t\t<div data-elementor-type=\"wp-page\" data-elementor-id=\"676\" class=\"elementor elementor-676\">\n\t\t\t\t\t\t\t\t\t<section class=\"has_ma_el_bg_slider elementor-section elementor-top-section elementor-element elementor-element-5262a47d elementor-section-full_width elementor-section-height-default elementor-section-height-default jltma-glass-effect-no\" data-id=\"5262a47d\" data-element_type=\"section\" data-settings=\"{&quot;background_background&quot;:&quot;classic&quot;}\">\n\t\t\t\t\t\t<div class=\"elementor-container elementor-column-gap-default\">\n\t\t\t\t\t<div class=\"has_ma_el_bg_slider elementor-column elementor-col-100 elementor-top-column elementor-element elementor-element-6eb50ecb jltma-glass-effect-no\" data-id=\"6eb50ecb\" data-element_type=\"column\">\n\t\t\t<div class=\"elementor-widget-wrap elementor-element-populated\">\n\t\t\t\t\t\t\t\t<div class=\"elementor-element elementor-element-1ee3b601 jltma-dropdown-breakpoints-mobile jltma-menu-alignment-center jltma-icon-position-right jltma-dropdown-align-flex-start jltma-toggle-view-stacked jltma-toggle-shape-square jltma-main-menu-item-border-type-default jltma-dropdown-border-type-default jltma-dropdown-main-level-border-type-default jltma-dropdown-item-border-type-default jltma-pointer-none jltma-glass-effect-no elementor-widget elementor-widget-ma-navmenu\" data-id=\"1ee3b601\" data-element_type=\"widget\" data-settings=\"{&quot;dropdown_breakpoints&quot;:&quot;mobile&quot;,&quot;layout&quot;:&quot;horizontal&quot;}\" data-widget_type=\"ma-navmenu.default\">\n\t\t\t\t<div class=\"elementor-widget-container\">\n\t\t\t<nav class=\"jltma-nav-menu__main jltma-nav-menu__container default-main-icon-hide  jltma-layout-horizontal\" data-icon-main=\"fas fa-chevron-down\" data-icon-sub=\"\"><ul id=\"menu-1-1ee3b601\" class=\"jltma-nav-menu__container-inner\"><li id=\"menu-item-991\" class=\"menu-item menu-item-type-post_type menu-item-object-page menu-item-home menu-item-991\"><a href=\"https:\/\/waermeverbund-stniklaus.ch\/\" class=\"jltma-nav-menu__dropdown-item jltma-nav-menu__item-link-top\"><span class=\"jltma-nav-menu__main-item-text-wrap\"><span class=\"jltma-nav-menu__main-item-text\">Startseite<\/span><\/span><span class=\"jltma-animation\"><\/span><\/a><\/li>\n<li id=\"menu-item-992\" class=\"menu-item menu-item-type-post_type menu-item-object-page menu-item-992\"><a href=\"https:\/\/waermeverbund-stniklaus.ch\/?page_id=676\" class=\"jltma-nav-menu__dropdown-item jltma-nav-menu__item-link-top\"><span class=\"jltma-nav-menu__main-item-text-wrap\"><span class=\"jltma-nav-menu__main-item-text\">Die Genossenschaft<\/span><\/span><span class=\"jltma-animation\"><\/span><\/a><\/li>\n<li id=\"menu-item-993\" class=\"menu-item menu-item-type-post_type menu-item-object-page menu-item-993\"><a href=\"https:\/\/waermeverbund-stniklaus.ch\/?page_id=685\" class=\"jltma-nav-menu__dropdown-item jltma-nav-menu__item-link-top\"><span class=\"jltma-nav-menu__main-item-text-wrap\"><span class=\"jltma-nav-menu__main-item-text\">Die Fernheizung<\/span><\/span><span class=\"jltma-animation\"><\/span><\/a><\/li>\n<li id=\"menu-item-994\" class=\"menu-item menu-item-type-post_type menu-item-object-page menu-item-994\"><a href=\"https:\/\/waermeverbund-stniklaus.ch\/?page_id=703\" class=\"jltma-nav-menu__dropdown-item jltma-nav-menu__item-link-top\"><span class=\"jltma-nav-menu__main-item-text-wrap\"><span class=\"jltma-nav-menu__main-item-text\">Ihr Anschluss<\/span><\/span><span class=\"jltma-animation\"><\/span><\/a><\/li>\n<li id=\"menu-item-995\" class=\"menu-item menu-item-type-post_type menu-item-object-page menu-item-995\"><a href=\"https:\/\/waermeverbund-stniklaus.ch\/?page_id=787\" class=\"jltma-nav-menu__dropdown-item jltma-nav-menu__item-link-top\"><span class=\"jltma-nav-menu__main-item-text-wrap\"><span class=\"jltma-nav-menu__main-item-text\">Kontakt<\/span><\/span><span class=\"jltma-animation\"><\/span><\/a><\/li>\n<\/ul><\/nav><div class=\"jltma-nav-menu__toggle-container jltma-layout-horizontal jltma-menu-dropdown-type-\"><div class=\"jltma-nav-menu__toggle\"><span class=\"jltma-toggle-icon\"><i class=\"eicon-menu-bar\"><\/i><\/span><span class=\"jltma-toggle-icon-active\"><i class=\"eicon-close\"><\/i><\/span><\/div><\/div><nav class=\"jltma-nav-menu__dropdown jltma-nav-menu__container jltma-layout-horizontal jltma-menu-dropdown-type- jltma-arrow-animation-\" data-icon-sub=\"\"><ul id=\"jltma_menu-4-1ee3b601\" class=\"jltma-nav-menu__container-inner jltma-nav-menu-dropdown\"><li class=\"menu-item menu-item-type-post_type menu-item-object-page menu-item-home menu-item-991\"><a href=\"https:\/\/waermeverbund-stniklaus.ch\/\">Startseite<\/a><\/li>\n<li class=\"menu-item menu-item-type-post_type menu-item-object-page menu-item-992\"><a href=\"https:\/\/waermeverbund-stniklaus.ch\/?page_id=676\">Die Genossenschaft<\/a><\/li>\n<li class=\"menu-item menu-item-type-post_type menu-item-object-page menu-item-993\"><a href=\"https:\/\/waermeverbund-stniklaus.ch\/?page_id=685\">Die Fernheizung<\/a><\/li>\n<li class=\"menu-item menu-item-type-post_type menu-item-object-page menu-item-994\"><a href=\"https:\/\/waermeverbund-stniklaus.ch\/?page_id=703\">Ihr Anschluss<\/a><\/li>\n<li class=\"menu-item menu-item-type-post_type menu-item-object-page menu-item-995\"><a href=\"https:\/\/waermeverbund-stniklaus.ch\/?page_id=787\">Kontakt<\/a><\/li>\n<\/ul><\/nav>\t\t<\/div>\n\t\t\t\t<\/div>\n\t\t\t\t\t<\/div>\n\t\t<\/div>\n\t\t\t\t\t\t\t<\/div>\n\t\t<\/section>\n\t\t\t\t<section class=\"has_ma_el_bg_slider elementor-section elementor-top-section elementor-element elementor-element-2a9e000 elementor-section-boxed elementor-section-height-default elementor-section-height-default jltma-glass-effect-no\" data-id=\"2a9e000\" data-element_type=\"section\" data-settings=\"{&quot;background_background&quot;:&quot;classic&quot;}\">\n\t\t\t\t\t\t<div class=\"elementor-container elementor-column-gap-wider\">\n\t\t\t\t\t<div class=\"has_ma_el_bg_slider elementor-column elementor-col-50 elementor-top-column elementor-element elementor-element-654ea2dc jltma-glass-effect-no\" data-id=\"654ea2dc\" data-element_type=\"column\" data-settings=\"{&quot;animation&quot;:&quot;none&quot;}\">\n\t\t\t<div class=\"elementor-widget-wrap elementor-element-populated\">\n\t\t\t\t\t\t\t\t<div class=\"elementor-element elementor-element-20bf6b16 jltma-glass-effect-no elementor-widget elementor-widget-heading\" data-id=\"20bf6b16\" data-element_type=\"widget\" data-widget_type=\"heading.default\">\n\t\t\t\t<div class=\"elementor-widget-container\">\n\t\t\t<style>\/*! elementor - v3.6.7 - 03-07-2022 *\/\n.elementor-heading-title{padding:0;margin:0;line-height:1}.elementor-widget-heading .elementor-heading-title[class*=elementor-size-]>a{color:inherit;font-size:inherit;line-height:inherit}.elementor-widget-heading .elementor-heading-title.elementor-size-small{font-size:15px}.elementor-widget-heading .elementor-heading-title.elementor-size-medium{font-size:19px}.elementor-widget-heading .elementor-heading-title.elementor-size-large{font-size:29px}.elementor-widget-heading .elementor-heading-title.elementor-size-xl{font-size:39px}.elementor-widget-heading .elementor-heading-title.elementor-size-xxl{font-size:59px}<\/style><h3 class=\"elementor-heading-title elementor-size-default\">DIE GENOSSENSCHAFT<\/h3>\t\t<\/div>\n\t\t\t\t<\/div>\n\t\t\t\t<div class=\"elementor-element elementor-element-392b4eee jltma-glass-effect-no elementor-widget elementor-widget-text-editor\" data-id=\"392b4eee\" data-element_type=\"widget\" data-widget_type=\"text-editor.default\">\n\t\t\t\t<div class=\"elementor-widget-container\">\n\t\t\t<style>\/*! elementor - v3.6.7 - 03-07-2022 *\/\n.elementor-widget-text-editor.elementor-drop-cap-view-stacked .elementor-drop-cap{background-color:#818a91;color:#fff}.elementor-widget-text-editor.elementor-drop-cap-view-framed .elementor-drop-cap{color:#818a91;border:3px solid;background-color:transparent}.elementor-widget-text-editor:not(.elementor-drop-cap-view-default) .elementor-drop-cap{margin-top:8px}.elementor-widget-text-editor:not(.elementor-drop-cap-view-default) .elementor-drop-cap-letter{width:1em;height:1em}.elementor-widget-text-editor .elementor-drop-cap{float:left;text-align:center;line-height:1;font-size:50px}.elementor-widget-text-editor .elementor-drop-cap-letter{display:inline-block}<\/style>\t\t\t\t<p style=\"font-variant-ligatures: normal; font-variant-caps: normal; font-family: 'Open Sans', sans-serif; font-size: 16px; font-style: normal; font-weight: 400; color: #4a4a4a;\">Der W\u00e4rmeverbund St. Niklaus, Koppigen wurde am 21.01.2016 als Genossenschaft gegr\u00fcndet. Seit 2018 liefern wir den angeschlossenen Liegenschaften zuverl\u00e4ssig und ganzj\u00e4hrig Energie zum Heizen und f\u00fcr Warmwasser. Mittlerweile umfasst der W\u00e4rmeverbund \u00fcber 20 Bez\u00fcger. Die Hauptabnehmer sind das Wohn- und Pflegeheim St. Niklaus, die Friedau und Oeschberg der Lebensort.<\/p>\n<p style=\"font-variant-ligatures: normal; font-variant-caps: normal; font-family: 'Open Sans', sans-serif; font-size: 16px; font-style: normal; font-weight: 400; color: #4a4a4a;\">Die Verwaltung der Genossenschaft setzt sich zusammen aus Vertretern der drei genannten Institutionen sowie der Burgergemeinde Koppigen:<\/p>\n<ul style=\"font-variant-ligatures: normal; font-variant-caps: normal; font-family: 'Open Sans', sans-serif; font-size: 16px; font-style: normal; font-weight: 400; color: #4a4a4a;\">\n<li style=\"font-size: 16px;\">Baumberger Markus<\/li>\n<li style=\"font-size: 16px;\">Brack Urs<\/li>\n<li style=\"font-size: 16px;\">Moser Melanie<\/li>\n<li style=\"font-size: 16px;\">M\u00e4usli Bernhard<\/li>\n<li style=\"font-size: 16px;\">Schwander Bernhard<\/li><li style=\"font-size: 16px;\">Sch\u00fcrch Beat<\/li>\n<\/ul>\t\t\t\t\t\t<\/div>\n\t\t\t\t<\/div>\n\t\t\t\t\t<\/div>\n\t\t<\/div>\n\t\t\t\t<div class=\"has_ma_el_bg_slider elementor-column elementor-col-50 elementor-top-column elementor-element elementor-element-b1792ca jltma-glass-effect-no\" data-id=\"b1792ca\" data-element_type=\"column\">\n\t\t\t<div class=\"elementor-widget-wrap elementor-element-populated\">\n\t\t\t\t\t\t\t\t<div class=\"elementor-element elementor-element-8339dda jltma-glass-effect-no elementor-widget elementor-widget-image\" data-id=\"8339dda\" data-element_type=\"widget\" data-widget_type=\"image.default\">\n\t\t\t\t<div class=\"elementor-widget-container\">\n\t\t\t<style>\/*! elementor - v3.6.7 - 03-07-2022 *\/\n.elementor-widget-image{text-align:center}.elementor-widget-image a{display:inline-block}.elementor-widget-image a img[src$=\".svg\"]{width:48px}.elementor-widget-image img{vertical-align:middle;display:inline-block}<\/style>\t\t\t\t\t\t\t\t\t\t\t\t<img decoding=\"async\" width=\"755\" height=\"855\" src=\"https:\/\/waermeverbund-stniklaus.ch\/wp-content\/uploads\/2022\/07\/Institutionen.jpg\" class=\"attachment-large size-large\" alt=\"\" loading=\"lazy\" srcset=\"https:\/\/waermeverbund-stniklaus.ch\/wp-content\/uploads\/2022\/07\/Institutionen.jpg 755w, https:\/\/waermeverbund-stniklaus.ch\/wp-content\/uploads\/2022\/07\/Institutionen-265x300.jpg 265w\" sizes=\"(max-width: 755px) 100vw, 755px\" \/>\t\t\t\t\t\t\t\t\t\t\t\t\t\t\t<\/div>\n\t\t\t\t<\/div>\n\t\t\t\t\t<\/div>\n\t\t<\/div>\n\t\t\t\t\t\t\t<\/div>\n\t\t<\/section>\n\t\t\t\t<section class=\"has_ma_el_bg_slider elementor-section elementor-top-section elementor-element elementor-element-3a010ec0 elementor-section-height-min-height elementor-section-boxed elementor-section-height-default elementor-section-items-middle jltma-glass-effect-no\" data-id=\"3a010ec0\" data-element_type=\"section\">\n\t\t\t\t\t\t<div class=\"elementor-container elementor-column-gap-narrow\">\n\t\t\t\t\t<div class=\"has_ma_el_bg_slider elementor-column elementor-col-100 elementor-top-column elementor-element elementor-element-423a9799 jltma-glass-effect-no\" data-id=\"423a9799\" data-element_type=\"column\">\n\t\t\t<div class=\"elementor-widget-wrap elementor-element-populated\">\n\t\t\t\t\t\t\t\t<div class=\"elementor-element elementor-element-61a948d9 elementor-position-top elementor-vertical-align-top jltma-glass-effect-no elementor-widget elementor-widget-image-box\" data-id=\"61a948d9\" data-element_type=\"widget\" data-widget_type=\"image-box.default\">\n\t\t\t\t<div class=\"elementor-widget-container\">\n\t\t\t<style>\/*! elementor - v3.6.7 - 03-07-2022 *\/\n.elementor-widget-image-box .elementor-image-box-content{width:100%}@media (min-width:768px){.elementor-widget-image-box.elementor-position-left .elementor-image-box-wrapper,.elementor-widget-image-box.elementor-position-right .elementor-image-box-wrapper{display:-webkit-box;display:-ms-flexbox;display:flex}.elementor-widget-image-box.elementor-position-right .elementor-image-box-wrapper{text-align:right;-webkit-box-orient:horizontal;-webkit-box-direction:reverse;-ms-flex-direction:row-reverse;flex-direction:row-reverse}.elementor-widget-image-box.elementor-position-left .elementor-image-box-wrapper{text-align:left;-webkit-box-orient:horizontal;-webkit-box-direction:normal;-ms-flex-direction:row;flex-direction:row}.elementor-widget-image-box.elementor-position-top .elementor-image-box-img{margin:auto}.elementor-widget-image-box.elementor-vertical-align-top .elementor-image-box-wrapper{-webkit-box-align:start;-ms-flex-align:start;align-items:flex-start}.elementor-widget-image-box.elementor-vertical-align-middle .elementor-image-box-wrapper{-webkit-box-align:center;-ms-flex-align:center;align-items:center}.elementor-widget-image-box.elementor-vertical-align-bottom .elementor-image-box-wrapper{-webkit-box-align:end;-ms-flex-align:end;align-items:flex-end}}@media (max-width:767px){.elementor-widget-image-box .elementor-image-box-img{margin-left:auto!important;margin-right:auto!important;margin-bottom:15px}}.elementor-widget-image-box .elementor-image-box-img{display:inline-block}.elementor-widget-image-box .elementor-image-box-title a{color:inherit}.elementor-widget-image-box .elementor-image-box-wrapper{text-align:center}.elementor-widget-image-box .elementor-image-box-description{margin:0}<\/style><div class=\"elementor-image-box-wrapper\"><figure class=\"elementor-image-box-img\"><img decoding=\"async\" width=\"72\" height=\"126\" src=\"https:\/\/waermeverbund-stniklaus.ch\/wp-content\/uploads\/2022\/07\/Logo.jpg\" class=\"attachment-full size-full\" alt=\"\" loading=\"lazy\" \/><\/figure><div class=\"elementor-image-box-content\"><h3 class=\"elementor-image-box-title\">Genossenschaft W\u00e4rmeverbund St. Niklaus, Koppigen<\/h3><\/div><\/div>\t\t<\/div>\n\t\t\t\t<\/div>\n\t\t\t\t\t<\/div>\n\t\t<\/div>\n\t\t\t\t\t\t\t<\/div>\n\t\t<\/section>\n\t\t\t\t\t\t\t<\/div>\n\t\t","protected":false},"excerpt":{"rendered":"<p>DIE GENOSSENSCHAFT Der W\u00e4rmeverbund St. Niklaus, Koppigen wurde am 21.01.2016 als Genossenschaft gegr\u00fcndet. Seit 2018 liefern wir den angeschlossenen Liegenschaften zuverl\u00e4ssig und ganzj\u00e4hrig Energie zum Heizen und f\u00fcr Warmwasser. Mittlerweile umfasst der W\u00e4rmeverbund \u00fcber 20 Bez\u00fcger. Die Hauptabnehmer sind das Wohn- und Pflegeheim St. Niklaus, die Friedau und Oeschberg der Lebensort. Die Verwaltung der Genossenschaft [&hellip;]<\/p>\n","protected":false},"author":15,"featured_media":0,"parent":0,"menu_order":0,"comment_status":"closed","ping_status":"closed","template":"","meta":[],"_links":{"self":[{"href":"https:\/\/waermeverbund-stniklaus.ch\/index.php?rest_route=\/wp\/v2\/pages\/676"}],"collection":[{"href":"https:\/\/waermeverbund-stniklaus.ch\/index.php?rest_route=\/wp\/v2\/pages"}],"about":[{"href":"https:\/\/waermeverbund-stniklaus.ch\/index.php?rest_route=\/wp\/v2\/types\/page"}],"author":[{"embeddable":true,"href":"https:\/\/waermeverbund-stniklaus.ch\/index.php?rest_route=\/wp\/v2\/users\/15"}],"replies":[{"embeddable":true,"href":"https:\/\/waermeverbund-stniklaus.ch\/index.php?rest_route=%2Fwp%2Fv2%2Fcomments&post=676"}],"version-history":[{"count":124,"href":"https:\/\/waermeverbund-stniklaus.ch\/index.php?rest_route=\/wp\/v2\/pages\/676\/revisions"}],"predecessor-version":[{"id":1615,"href":"https:\/\/waermeverbund-stniklaus.ch\/index.php?rest_route=\/wp\/v2\/pages\/676\/revisions\/1615"}],"wp:attachment":[{"href":"https:\/\/waermeverbund-stniklaus.ch\/index.php?rest_route=%2Fwp%2Fv2%2Fmedia&parent=676"}],"curies":[{"name":"wp","href":"https:\/\/api.w.org\/{rel}","templated":true}]}}