{"id":538,"date":"2022-07-22T09:59:01","date_gmt":"2022-07-22T09:59:01","guid":{"rendered":"https:\/\/waermeverbund-stniklaus.ch\/?page_id=538"},"modified":"2023-04-07T15:03:57","modified_gmt":"2023-04-07T15:03:57","slug":"home","status":"publish","type":"page","link":"https:\/\/waermeverbund-stniklaus.ch\/","title":{"rendered":"1 Home"},"content":{"rendered":"\t\t<div data-elementor-type=\"wp-page\" data-elementor-id=\"538\" class=\"elementor elementor-538\">\n\t\t\t\t\t\t\t\t\t<section class=\"has_ma_el_bg_slider elementor-section elementor-top-section elementor-element elementor-element-fb0af92 elementor-section-full_width elementor-section-height-default elementor-section-height-default jltma-glass-effect-no\" data-id=\"fb0af92\" data-element_type=\"section\" data-settings=\"{&quot;background_background&quot;:&quot;classic&quot;}\">\n\t\t\t\t\t\t<div class=\"elementor-container elementor-column-gap-default\">\n\t\t\t\t\t<div class=\"has_ma_el_bg_slider elementor-column elementor-col-100 elementor-top-column elementor-element elementor-element-00f16db jltma-glass-effect-no\" data-id=\"00f16db\" data-element_type=\"column\">\n\t\t\t<div class=\"elementor-widget-wrap elementor-element-populated\">\n\t\t\t\t\t\t\t\t<div class=\"elementor-element elementor-element-f930c2a jltma-menu-alignment-tablet-flex-start jltma-dropdown-tablet-align-flex-start jltma-dropdown-breakpoints-mobile jltma-menu-alignment-center jltma-icon-position-right jltma-dropdown-align-flex-start jltma-toggle-view-stacked jltma-toggle-shape-square jltma-main-menu-item-border-type-default jltma-dropdown-border-type-default jltma-dropdown-main-level-border-type-default jltma-dropdown-item-border-type-default jltma-pointer-none jltma-glass-effect-no elementor-widget elementor-widget-ma-navmenu\" data-id=\"f930c2a\" data-element_type=\"widget\" data-settings=\"{&quot;dropdown_breakpoints&quot;:&quot;mobile&quot;,&quot;layout&quot;:&quot;horizontal&quot;}\" data-widget_type=\"ma-navmenu.default\">\n\t\t\t\t<div class=\"elementor-widget-container\">\n\t\t\t<nav class=\"jltma-nav-menu__main jltma-nav-menu__container default-main-icon-hide  jltma-layout-horizontal\" data-icon-main=\"fas fa-chevron-down\" data-icon-sub=\"\"><ul id=\"menu-1-f930c2a\" class=\"jltma-nav-menu__container-inner\"><li id=\"menu-item-991\" class=\"menu-item menu-item-type-post_type menu-item-object-page menu-item-home menu-item-991\"><a href=\"https:\/\/waermeverbund-stniklaus.ch\/\" class=\"jltma-nav-menu__dropdown-item jltma-nav-menu__item-link-top\"><span class=\"jltma-nav-menu__main-item-text-wrap\"><span class=\"jltma-nav-menu__main-item-text\">Startseite<\/span><\/span><span class=\"jltma-animation\"><\/span><\/a><\/li>\n<li id=\"menu-item-992\" class=\"menu-item menu-item-type-post_type menu-item-object-page menu-item-992\"><a href=\"https:\/\/waermeverbund-stniklaus.ch\/?page_id=676\" class=\"jltma-nav-menu__dropdown-item jltma-nav-menu__item-link-top\"><span class=\"jltma-nav-menu__main-item-text-wrap\"><span class=\"jltma-nav-menu__main-item-text\">Die Genossenschaft<\/span><\/span><span class=\"jltma-animation\"><\/span><\/a><\/li>\n<li id=\"menu-item-993\" class=\"menu-item menu-item-type-post_type menu-item-object-page menu-item-993\"><a href=\"https:\/\/waermeverbund-stniklaus.ch\/?page_id=685\" class=\"jltma-nav-menu__dropdown-item jltma-nav-menu__item-link-top\"><span class=\"jltma-nav-menu__main-item-text-wrap\"><span class=\"jltma-nav-menu__main-item-text\">Die Fernheizung<\/span><\/span><span class=\"jltma-animation\"><\/span><\/a><\/li>\n<li id=\"menu-item-994\" class=\"menu-item menu-item-type-post_type menu-item-object-page menu-item-994\"><a href=\"https:\/\/waermeverbund-stniklaus.ch\/?page_id=703\" class=\"jltma-nav-menu__dropdown-item jltma-nav-menu__item-link-top\"><span class=\"jltma-nav-menu__main-item-text-wrap\"><span class=\"jltma-nav-menu__main-item-text\">Ihr Anschluss<\/span><\/span><span class=\"jltma-animation\"><\/span><\/a><\/li>\n<li id=\"menu-item-995\" class=\"menu-item menu-item-type-post_type menu-item-object-page menu-item-995\"><a href=\"https:\/\/waermeverbund-stniklaus.ch\/?page_id=787\" class=\"jltma-nav-menu__dropdown-item jltma-nav-menu__item-link-top\"><span class=\"jltma-nav-menu__main-item-text-wrap\"><span class=\"jltma-nav-menu__main-item-text\">Kontakt<\/span><\/span><span class=\"jltma-animation\"><\/span><\/a><\/li>\n<\/ul><\/nav><div class=\"jltma-nav-menu__toggle-container jltma-layout-horizontal jltma-menu-dropdown-type-\"><div class=\"jltma-nav-menu__toggle\"><span class=\"jltma-toggle-icon\"><i class=\"eicon-menu-bar\"><\/i><\/span><span class=\"jltma-toggle-icon-active\"><i class=\"eicon-close\"><\/i><\/span><\/div><\/div><nav class=\"jltma-nav-menu__dropdown jltma-nav-menu__container jltma-layout-horizontal jltma-menu-dropdown-type- jltma-arrow-animation-\" data-icon-sub=\"\"><ul id=\"jltma_menu-4-f930c2a\" class=\"jltma-nav-menu__container-inner jltma-nav-menu-dropdown\"><li class=\"menu-item menu-item-type-post_type menu-item-object-page menu-item-home menu-item-991\"><a href=\"https:\/\/waermeverbund-stniklaus.ch\/\">Startseite<\/a><\/li>\n<li class=\"menu-item menu-item-type-post_type menu-item-object-page menu-item-992\"><a href=\"https:\/\/waermeverbund-stniklaus.ch\/?page_id=676\">Die Genossenschaft<\/a><\/li>\n<li class=\"menu-item menu-item-type-post_type menu-item-object-page menu-item-993\"><a href=\"https:\/\/waermeverbund-stniklaus.ch\/?page_id=685\">Die Fernheizung<\/a><\/li>\n<li class=\"menu-item menu-item-type-post_type menu-item-object-page menu-item-994\"><a href=\"https:\/\/waermeverbund-stniklaus.ch\/?page_id=703\">Ihr Anschluss<\/a><\/li>\n<li class=\"menu-item menu-item-type-post_type menu-item-object-page menu-item-995\"><a href=\"https:\/\/waermeverbund-stniklaus.ch\/?page_id=787\">Kontakt<\/a><\/li>\n<\/ul><\/nav>\t\t<\/div>\n\t\t\t\t<\/div>\n\t\t\t\t\t<\/div>\n\t\t<\/div>\n\t\t\t\t\t\t\t<\/div>\n\t\t<\/section>\n\t\t\t\t<section class=\"has_ma_el_bg_slider elementor-section elementor-top-section elementor-element elementor-element-1e17a5c1 envato-kit-15-background-fix elementor-section-height-min-height elementor-section-boxed elementor-section-height-default elementor-section-items-middle jltma-glass-effect-no\" data-id=\"1e17a5c1\" data-element_type=\"section\" data-settings=\"{&quot;background_background&quot;:&quot;classic&quot;,&quot;animation&quot;:&quot;none&quot;}\">\n\t\t\t\t\t\t\t<div class=\"elementor-background-overlay\"><\/div>\n\t\t\t\t\t\t\t<div class=\"elementor-container elementor-column-gap-default\">\n\t\t\t\t\t<div class=\"has_ma_el_bg_slider elementor-column elementor-col-100 elementor-top-column elementor-element elementor-element-2b8c9a34 jltma-glass-effect-no\" data-id=\"2b8c9a34\" data-element_type=\"column\" data-settings=\"{&quot;animation&quot;:&quot;none&quot;}\">\n\t\t\t<div class=\"elementor-widget-wrap elementor-element-populated\">\n\t\t\t\t\t\t\t\t<div class=\"elementor-element elementor-element-3b923a51 jltma-glass-effect-no elementor-widget elementor-widget-heading\" data-id=\"3b923a51\" data-element_type=\"widget\" data-settings=\"{&quot;_animation&quot;:&quot;none&quot;}\" data-widget_type=\"heading.default\">\n\t\t\t\t<div class=\"elementor-widget-container\">\n\t\t\t<style>\/*! elementor - v3.6.7 - 03-07-2022 *\/\n.elementor-heading-title{padding:0;margin:0;line-height:1}.elementor-widget-heading .elementor-heading-title[class*=elementor-size-]>a{color:inherit;font-size:inherit;line-height:inherit}.elementor-widget-heading .elementor-heading-title.elementor-size-small{font-size:15px}.elementor-widget-heading .elementor-heading-title.elementor-size-medium{font-size:19px}.elementor-widget-heading .elementor-heading-title.elementor-size-large{font-size:29px}.elementor-widget-heading .elementor-heading-title.elementor-size-xl{font-size:39px}.elementor-widget-heading .elementor-heading-title.elementor-size-xxl{font-size:59px}<\/style><h2 class=\"elementor-heading-title elementor-size-default\">Genossenschaft W\u00e4rmeverbund <br>St. Niklaus, Koppigen<\/h2>\t\t<\/div>\n\t\t\t\t<\/div>\n\t\t\t\t<div class=\"elementor-element elementor-element-944b1d4 jltma-glass-effect-no elementor-widget elementor-widget-heading\" data-id=\"944b1d4\" data-element_type=\"widget\" data-settings=\"{&quot;_animation&quot;:&quot;none&quot;}\" data-widget_type=\"heading.default\">\n\t\t\t\t<div class=\"elementor-widget-container\">\n\t\t\t<h2 class=\"elementor-heading-title elementor-size-default\"><span style=\"font-family: &quot;Open Sans&quot;, sans-serif; font-size: 20px; font-style: normal; font-variant-ligatures: normal; font-variant-caps: normal; font-weight: 600;\">Wir heizen unabh\u00e4ngig vom Ausland, klimaneutral und zuverl\u00e4ssig.<\/span><br><span style=\"font-family: &quot;Open Sans&quot;, sans-serif; font-size: 20px; font-style: normal; font-variant-ligatures: normal; font-variant-caps: normal; font-weight: 600;\">Die Wertsch\u00f6pfung bleibt in der Gemeinde.<\/span><\/h2>\t\t<\/div>\n\t\t\t\t<\/div>\n\t\t\t\t<section class=\"has_ma_el_bg_slider elementor-section elementor-inner-section elementor-element elementor-element-00df98e elementor-section-boxed elementor-section-height-default elementor-section-height-default jltma-glass-effect-no\" data-id=\"00df98e\" data-element_type=\"section\">\n\t\t\t\t\t\t<div class=\"elementor-container elementor-column-gap-default\">\n\t\t\t\t\t<div class=\"has_ma_el_bg_slider elementor-column elementor-col-100 elementor-inner-column elementor-element elementor-element-06911a3 jltma-glass-effect-no\" data-id=\"06911a3\" data-element_type=\"column\">\n\t\t\t<div class=\"elementor-widget-wrap\">\n\t\t\t\t\t\t\t\t\t<\/div>\n\t\t<\/div>\n\t\t\t\t\t\t\t<\/div>\n\t\t<\/section>\n\t\t\t\t\t<\/div>\n\t\t<\/div>\n\t\t\t\t\t\t\t<\/div>\n\t\t<\/section>\n\t\t\t\t<section class=\"has_ma_el_bg_slider elementor-section elementor-top-section elementor-element elementor-element-24c6840c elementor-section-height-min-height elementor-section-boxed elementor-section-height-default elementor-section-items-middle jltma-glass-effect-no\" data-id=\"24c6840c\" data-element_type=\"section\">\n\t\t\t\t\t\t<div class=\"elementor-container elementor-column-gap-narrow\">\n\t\t\t\t\t<div class=\"has_ma_el_bg_slider elementor-column elementor-col-100 elementor-top-column elementor-element elementor-element-ea8864f jltma-glass-effect-no\" data-id=\"ea8864f\" data-element_type=\"column\">\n\t\t\t<div class=\"elementor-widget-wrap elementor-element-populated\">\n\t\t\t\t\t\t\t\t<div class=\"elementor-element elementor-element-c4e9379 elementor-position-top elementor-vertical-align-top jltma-glass-effect-no elementor-widget elementor-widget-image-box\" data-id=\"c4e9379\" data-element_type=\"widget\" data-widget_type=\"image-box.default\">\n\t\t\t\t<div class=\"elementor-widget-container\">\n\t\t\t<style>\/*! elementor - v3.6.7 - 03-07-2022 *\/\n.elementor-widget-image-box .elementor-image-box-content{width:100%}@media (min-width:768px){.elementor-widget-image-box.elementor-position-left .elementor-image-box-wrapper,.elementor-widget-image-box.elementor-position-right .elementor-image-box-wrapper{display:-webkit-box;display:-ms-flexbox;display:flex}.elementor-widget-image-box.elementor-position-right .elementor-image-box-wrapper{text-align:right;-webkit-box-orient:horizontal;-webkit-box-direction:reverse;-ms-flex-direction:row-reverse;flex-direction:row-reverse}.elementor-widget-image-box.elementor-position-left .elementor-image-box-wrapper{text-align:left;-webkit-box-orient:horizontal;-webkit-box-direction:normal;-ms-flex-direction:row;flex-direction:row}.elementor-widget-image-box.elementor-position-top .elementor-image-box-img{margin:auto}.elementor-widget-image-box.elementor-vertical-align-top .elementor-image-box-wrapper{-webkit-box-align:start;-ms-flex-align:start;align-items:flex-start}.elementor-widget-image-box.elementor-vertical-align-middle .elementor-image-box-wrapper{-webkit-box-align:center;-ms-flex-align:center;align-items:center}.elementor-widget-image-box.elementor-vertical-align-bottom .elementor-image-box-wrapper{-webkit-box-align:end;-ms-flex-align:end;align-items:flex-end}}@media (max-width:767px){.elementor-widget-image-box .elementor-image-box-img{margin-left:auto!important;margin-right:auto!important;margin-bottom:15px}}.elementor-widget-image-box .elementor-image-box-img{display:inline-block}.elementor-widget-image-box .elementor-image-box-title a{color:inherit}.elementor-widget-image-box .elementor-image-box-wrapper{text-align:center}.elementor-widget-image-box .elementor-image-box-description{margin:0}<\/style><div class=\"elementor-image-box-wrapper\"><figure class=\"elementor-image-box-img\"><img decoding=\"async\" width=\"72\" height=\"126\" src=\"https:\/\/waermeverbund-stniklaus.ch\/wp-content\/uploads\/2022\/07\/Logo.jpg\" class=\"attachment-full size-full\" alt=\"\" loading=\"lazy\" \/><\/figure><div class=\"elementor-image-box-content\"><h1 class=\"elementor-image-box-title\">Genossenschaft W\u00e4rmeverbund St. Niklaus, Koppigen<\/h1><\/div><\/div>\t\t<\/div>\n\t\t\t\t<\/div>\n\t\t\t\t\t<\/div>\n\t\t<\/div>\n\t\t\t\t\t\t\t<\/div>\n\t\t<\/section>\n\t\t\t\t<section class=\"has_ma_el_bg_slider elementor-section elementor-top-section elementor-element elementor-element-21bcc23 elementor-section-boxed elementor-section-height-default elementor-section-height-default jltma-glass-effect-no\" data-id=\"21bcc23\" data-element_type=\"section\">\n\t\t\t\t\t\t<div class=\"elementor-container elementor-column-gap-default\">\n\t\t\t\t\t<div class=\"has_ma_el_bg_slider elementor-column elementor-col-50 elementor-top-column elementor-element elementor-element-046d0e0 jltma-glass-effect-no\" data-id=\"046d0e0\" data-element_type=\"column\">\n\t\t\t<div class=\"elementor-widget-wrap elementor-element-populated\">\n\t\t\t\t\t\t\t\t<div class=\"elementor-element elementor-element-973ba3a jltma-glass-effect-no elementor-widget elementor-widget-button\" data-id=\"973ba3a\" data-element_type=\"widget\" data-widget_type=\"button.default\">\n\t\t\t\t<div class=\"elementor-widget-container\">\n\t\t\t\t\t<div class=\"elementor-button-wrapper\">\n\t\t\t<a href=\"https:\/\/waermeverbund-stniklaus.ch\/?page_id=987\" class=\"elementor-button-link elementor-button elementor-size-sm\" role=\"button\">\n\t\t\t\t\t\t<span class=\"elementor-button-content-wrapper\">\n\t\t\t\t\t\t<span class=\"elementor-button-text\">Datenschutzerkl\u00e4rung&Impressum<\/span>\n\t\t<\/span>\n\t\t\t\t\t<\/a>\n\t\t<\/div>\n\t\t\t\t<\/div>\n\t\t\t\t<\/div>\n\t\t\t\t\t<\/div>\n\t\t<\/div>\n\t\t\t\t<div class=\"has_ma_el_bg_slider elementor-column elementor-col-50 elementor-top-column elementor-element elementor-element-182fd26 jltma-glass-effect-no\" data-id=\"182fd26\" data-element_type=\"column\">\n\t\t\t<div class=\"elementor-widget-wrap elementor-element-populated\">\n\t\t\t\t\t\t\t\t<div class=\"elementor-element elementor-element-3862d97 elementor-align-right jltma-glass-effect-no elementor-widget elementor-widget-button\" data-id=\"3862d97\" data-element_type=\"widget\" data-widget_type=\"button.default\">\n\t\t\t\t<div class=\"elementor-widget-container\">\n\t\t\t\t\t<div class=\"elementor-button-wrapper\">\n\t\t\t<a href=\"https:\/\/waermeverbund-stniklaus.ch\/wp-login.php?loggedin=true&#038;wp_lang=de_DE\" class=\"elementor-button-link elementor-button elementor-size-sm\" role=\"button\">\n\t\t\t\t\t\t<span class=\"elementor-button-content-wrapper\">\n\t\t\t\t\t\t<span class=\"elementor-button-text\">Interner Bereich<\/span>\n\t\t<\/span>\n\t\t\t\t\t<\/a>\n\t\t<\/div>\n\t\t\t\t<\/div>\n\t\t\t\t<\/div>\n\t\t\t\t\t<\/div>\n\t\t<\/div>\n\t\t\t\t\t\t\t<\/div>\n\t\t<\/section>\n\t\t\t\t<section class=\"has_ma_el_bg_slider elementor-section elementor-top-section elementor-element elementor-element-f53c215 elementor-section-boxed elementor-section-height-default elementor-section-height-default jltma-glass-effect-no\" data-id=\"f53c215\" data-element_type=\"section\">\n\t\t\t\t\t\t<div class=\"elementor-container elementor-column-gap-default\">\n\t\t\t\t\t<div class=\"has_ma_el_bg_slider elementor-column elementor-col-100 elementor-top-column elementor-element elementor-element-d793743 jltma-glass-effect-no\" data-id=\"d793743\" data-element_type=\"column\">\n\t\t\t<div class=\"elementor-widget-wrap\">\n\t\t\t\t\t\t\t\t\t<\/div>\n\t\t<\/div>\n\t\t\t\t\t\t\t<\/div>\n\t\t<\/section>\n\t\t\t\t\t\t\t<\/div>\n\t\t","protected":false},"excerpt":{"rendered":"<p>Genossenschaft W\u00e4rmeverbund St. Niklaus, Koppigen Wir heizen unabh\u00e4ngig vom Ausland, klimaneutral und zuverl\u00e4ssig.Die Wertsch\u00f6pfung bleibt in der Gemeinde. Genossenschaft W\u00e4rmeverbund St. Niklaus, Koppigen Datenschutzerkl\u00e4rung&#038;Impressum Interner Bereich<\/p>\n","protected":false},"author":15,"featured_media":0,"parent":0,"menu_order":0,"comment_status":"closed","ping_status":"closed","template":"","meta":[],"_links":{"self":[{"href":"https:\/\/waermeverbund-stniklaus.ch\/index.php?rest_route=\/wp\/v2\/pages\/538"}],"collection":[{"href":"https:\/\/waermeverbund-stniklaus.ch\/index.php?rest_route=\/wp\/v2\/pages"}],"about":[{"href":"https:\/\/waermeverbund-stniklaus.ch\/index.php?rest_route=\/wp\/v2\/types\/page"}],"author":[{"embeddable":true,"href":"https:\/\/waermeverbund-stniklaus.ch\/index.php?rest_route=\/wp\/v2\/users\/15"}],"replies":[{"embeddable":true,"href":"https:\/\/waermeverbund-stniklaus.ch\/index.php?rest_route=%2Fwp%2Fv2%2Fcomments&post=538"}],"version-history":[{"count":260,"href":"https:\/\/waermeverbund-stniklaus.ch\/index.php?rest_route=\/wp\/v2\/pages\/538\/revisions"}],"predecessor-version":[{"id":1580,"href":"https:\/\/waermeverbund-stniklaus.ch\/index.php?rest_route=\/wp\/v2\/pages\/538\/revisions\/1580"}],"wp:attachment":[{"href":"https:\/\/waermeverbund-stniklaus.ch\/index.php?rest_route=%2Fwp%2Fv2%2Fmedia&parent=538"}],"curies":[{"name":"wp","href":"https:\/\/api.w.org\/{rel}","templated":true}]}}